{"id":35801,"date":"2024-04-02T09:28:33","date_gmt":"2024-04-02T07:28:33","guid":{"rendered":"https:\/\/siexquis.com\/politique-de-confidentialite\/"},"modified":"2024-10-06T18:15:59","modified_gmt":"2024-10-06T16:15:59","slug":"politique-de-confidentialite","status":"publish","type":"page","link":"https:\/\/dev.siexquis.com\/en\/politique-de-confidentialite\/","title":{"rendered":"Politique de confidentialit\u00e9"},"content":{"rendered":"\t\t<div data-elementor-type=\"wp-page\" data-elementor-id=\"35801\" class=\"elementor elementor-35801 elementor-28886\" data-elementor-post-type=\"page\">\n\t\t\t\t<div class=\"elementor-element elementor-element-1a0c6dc e-con-full e-flex e-con e-parent\" data-id=\"1a0c6dc\" data-element_type=\"container\">\n\t\t\t\t<div class=\"elementor-element elementor-element-8a87217 elementor-widget elementor-widget-text-editor\" data-id=\"8a87217\" data-element_type=\"widget\" data-widget_type=\"text-editor.default\">\n\t\t\t\t<div class=\"elementor-widget-container\">\n\t\t\t\t\t\t\t\t\t<h2>POLITIQUE DE CONFIDENTIALIT\u00c9<\/h2>\n<p>Si Exquis S\u00e0rl s\u2019engage \u00e0 prot\u00e9ger et \u00e0 respecter votre vie priv\u00e9e. La pr\u00e9sente politique de confidentialit\u00e9 (ainsi que nos Conditions g\u00e9n\u00e9rales) d\u00e9finit la mani\u00e8re dont toutes les donn\u00e9es personnelles que nous recueillons, ou que vous nous transmettez, seront utilis\u00e9es et vous informe de vos droits en mati\u00e8re de confidentialit\u00e9 et de la fa\u00e7on dont la loi vous prot\u00e8ge. En consultant www.siexquis.com (\u00ab notre site \u00bb), vous acceptez les pratiques d\u00e9crites dans cette politique et y consentez.  <\/p>\n<h4>INFORMATIONS IMPORTANTES<\/h4>\n<p>Cette politique de confidentialit\u00e9 vise \u00e0 vous donner des informations sur la fa\u00e7on dont Si Exquis S\u00e0rl recueille et traite vos donn\u00e9es personnelles, y compris toutes les donn\u00e9es que vous pouvez fournir lorsque vous achetez un produit ou sollicitez un service, ou lorsque vous participez \u00e0 une promotion.<\/p>\n<p>Notre site n\u2019est pas destin\u00e9 aux enfants et nous ne recueillons pas intentionnellement de donn\u00e9es relatives aux enfants.<\/p>\n<p>Il est important que vous preniez connaissance de cette politique de confidentialit\u00e9 ainsi que toute autre d\u00e9claration de confidentialit\u00e9 ou tout avis concernant l\u2019\u00e9quit\u00e9 des proc\u00e9dures que nous pouvons fournir \u00e0 des occasions pr\u00e9cises lorsque nous recueillons ou traitons des donn\u00e9es personnelles vous concernant, afin que vous soyez pleinement au fait de l\u2019utilisation qui est faite de vos donn\u00e9es. Cette politique de confidentialit\u00e9 compl\u00e8te les autres politiques et n\u2019a pas pr\u00e9s\u00e9ance sur celles-ci. <\/p>\n<h4>CONTR\u00d4LEUR<\/h4>\n<p>Aux fins du r\u00e8glement g\u00e9n\u00e9ral sur la protection des donn\u00e9es (CH \u2013 Suisse et UE \u2013 Union Europ\u00e9enne), le contr\u00f4leur des donn\u00e9es est Si Exquis S\u00e0rl, c\/o Fiduciaire Forgest S\u00e0rl, Rue du Puits-Godet 8A, CH-2000 Neuch\u00e2tel<\/p>\n<h4>COORDONN\u00c9ES<\/h4>\n<p>Adresse \u00e9lectronique : <a href=\"mailto:info@siexquis.com\">contact@siexquis.com<\/a><br \/>Adresse postale : Si Exquis S\u00e0rl, c\/o Fiduciaire Forgest S\u00e0rl, Rue du Puits-Godet 8A, CH-2000 Neuch\u00e2tel, Suisse.<\/p>\n<p>Vous avez le droit de d\u00e9poser une plainte \u00e0 tout moment aupr\u00e8s du Pr\u00e9pos\u00e9 f\u00e9d\u00e9ral \u00e0 la protection des donn\u00e9es et \u00e0 la transparence (PFPDT) en charge des questions relatives \u00e0 la protection des donn\u00e9es (www.edoeb.admin.ch\/edoeb\/fr\/home\/le-pfpdt\/contact\/formulaire-de-contact.html ), ou l\u2019autorit\u00e9 de r\u00e9glementation \u00e9quivalente dans votre pays. Toutefois, nous souhaiterions r\u00e9pondre \u00e0 vos pr\u00e9occupations avant que vous n\u2019approchiez le PFPDT (ou tout autre organisme de r\u00e9glementation). Veuillez s\u2019il vous pla\u00eet nous contacter en premier lieu.  <\/p>\n<h4>MODIFICATIONS APPORT\u00c9ES \u00c0 LA D\u00c9CLARATION DE CONFIDENTIALIT\u00c9 ET VOTRE DEVOIR DE NOUS INFORMER D\u2019\u00c9VENTUELS CHANGEMENTS<\/h4>\n<p>\u00c0 l\u2019avenir, toute modification que nous pourrions apporter \u00e0 notre politique de confidentialit\u00e9 sera publi\u00e9e sur cette page. Veuillez consulter r\u00e9guli\u00e8rement cette page pour conna\u00eetre les mises \u00e0 jour et les modifications apport\u00e9es \u00e0 notre politique de confidentialit\u00e9. <\/p>\n<p>Il est important que les donn\u00e9es personnelles que nous d\u00e9tenons \u00e0 votre sujet soient exactes et \u00e0 jour. Nous vous prions de nous tenir inform\u00e9s de tout changement relatif \u00e0 vos donn\u00e9es personnelles pendant votre relation avec nous. <\/p>\n<h4>LIENS VERS DES SITES WEB TIERS<\/h4>\n<p>Ce site Web peut inclure des liens vers des sites Web tiers, des plug-ins et des applications. En cliquant sur ces liens ou en activant ces connexions, vous pouvez autoriser des tiers \u00e0 recueillir ou \u00e0 partager des donn\u00e9es vous concernant. Nous ne contr\u00f4lons pas ces sites Web tiers et ne sommes pas responsables de leur d\u00e9claration de confidentialit\u00e9. Lorsque vous quittez notre site Web, nous vous invitons \u00e0 lire la d\u00e9claration de confidentialit\u00e9 de chaque site Web que vous consultez.   <\/p>\n<h4>INFORMATIONS QUE NOUS POUVONS RECUEILLIR<\/h4>\n<p>On entend par donn\u00e9es personnelles ou informations personnelles, toute information relative \u00e0 une personne physique identifi\u00e9e. Elles ne comprennent pas les donn\u00e9es pour lesquelles l\u2019identit\u00e9 a \u00e9t\u00e9 supprim\u00e9e (donn\u00e9es anonymes). <\/p>\n<p>Nous pouvons recueillir, utiliser, stocker et transf\u00e9rer diff\u00e9rents types de donn\u00e9es personnelles \u00e0 votre sujet, et ces donn\u00e9es sont regroup\u00e9es comme suit :<\/p>\n<p>\u2022 Les donn\u00e9es d\u2019identit\u00e9 comprennent : le pr\u00e9nom, le nom de jeune fille, le nom de famille, l\u2019identifiant ou l\u2019identifiant similaire, le titre, la date de naissance et le sexe.<\/p>\n<p>\u2022 Les coordonn\u00e9es comprennent : l\u2019adresse de facturation, l\u2019adresse de livraison, l\u2019adresse \u00e9lectronique et les num\u00e9ros de t\u00e9l\u00e9phone.<\/p>\n<p>\u2022 Les donn\u00e9es financi\u00e8res comprennent : les informations du compte bancaire et de la carte de paiement.<\/p>\n<p>\u2022 Les donn\u00e9es de transaction comprennent : les informations relatives aux transactions financi\u00e8res et aux produits et services que vous avez achet\u00e9s chez nous.<\/p>\n<p>\u2022 Les donn\u00e9es techniques comprennent : l\u2019adresse IP (Internet Protocol), les donn\u00e9es de connexion, le type et la version du navigateur, le fuseau horaire et l\u2019emplacement g\u00e9ographique, les types et versions de plug-in du navigateur, le syst\u00e8me d\u2019exploitation et la plate-forme, et d\u2019autres technologies sur les appareils que vous utilisez pour acc\u00e9der \u00e0 ce site Web.<\/p>\n<p>\u2022 Les donn\u00e9es de profil comprennent : votre identifiant, votre mot de passe, les achats ou commandes que vous avez effectu\u00e9s, vos int\u00e9r\u00eats, vos pr\u00e9f\u00e9rences, vos avis ainsi que vos r\u00e9ponses aux enqu\u00eates.<\/p>\n<p>\u2022 Les donn\u00e9es d\u2019utilisation comprennent : les informations relatives \u00e0 la mani\u00e8re dont vous utilisez notre site Web, nos produits et nos services.<\/p>\n<p>\u2022 Les donn\u00e9es de marketing et de communication comprennent : vos pr\u00e9f\u00e9rences en mati\u00e8re de r\u00e9ception de nos messages commerciaux et vos pr\u00e9f\u00e9rences en mati\u00e8re de communication.<\/p>\n<p>Nous ne recueillons aucune cat\u00e9gorie sp\u00e9ciale de donn\u00e9es personnelles \u00e0 votre sujet (notamment les informations relatives \u00e0 votre origine ethnique, vos croyances religieuses et philosophiques, votre vie sexuelle, votre orientation sexuelle, votre ob\u00e9dience politique, votre appartenance syndicale, vos informations de sant\u00e9 et vos donn\u00e9es g\u00e9n\u00e9tiques et biom\u00e9triques). Nous ne recueillons aucune information relative aux condamnations p\u00e9nales et aux infractions. <\/p>\n<h4>SI VOUS NE NOUS FOURNISSEZ PAS DE DONN\u00c9ES PERSONNELLES<\/h4>\n<p>Lorsque la loi nous exige de recueillir les donn\u00e9es personnelles, ou en vertu des clauses d\u2019un contrat que nous avons avec vous, et que vous ne fournissez pas lesdites donn\u00e9es requises, nous pourrions ne pas \u00eatre en mesure d\u2019ex\u00e9cuter le contrat qui nous lie ou que nous essayons de conclure avec vous (par exemple, pour vous fournir des biens ou des services). Dans ce cas, nous pourrions \u00eatre oblig\u00e9s d\u2019annuler l\u2019achat d\u2019un produit ou d\u2019un service que vous faites aupr\u00e8s de nous, mais nous vous en notifierons le moment venu. <\/p>\n<h4>COMMENT RECUEILLONS-NOUS VOS DONN\u00c9ES PERSONNELLES ?<\/h4>\n<p>Nous utilisons diff\u00e9rentes m\u00e9thodes pour recueillir vos donn\u00e9es personnelles, notamment par le biais :<\/p>\n<p>\u2022 Des informations que vous nous donnez : Vous pouvez nous transmettre vos donn\u00e9es d\u2019identit\u00e9, vos coordonn\u00e9es et vos donn\u00e9es financi\u00e8res en remplissant les formulaires se trouvant sur notre site ou nos pages ou profils de r\u00e9seaux sociaux, ou en communiquant avec nous par t\u00e9l\u00e9phone, courrier \u00e9lectronique, via l\u2019application ou par tout autre moyen. Cela implique les donn\u00e9es personnelles fournies par vos soins lorsque : <\/p>\n<p>\u2022 vous sollicitez nos produits et services ;<\/p>\n<p>\u2022 vous sollicitez des messages commerciaux ;<\/p>\n<p>\u2022 vous participez \u00e0 une promotion ou une enqu\u00eate ;<\/p>\n<p>\u2022 vous r\u00e9digez des avis<\/p>\n<p>\u2022 Informations que nous recueillons \u00e0 votre sujet.<\/p>\n<p>En ce qui concerne chacune de vos visites sur notre site, nous pouvons recueillir automatiquement les informations suivantes : les informations techniques, par exemple celles relatives \u00e0 votre navigateur ou \u00e0 l\u2019appareil que vous utilisez pour acc\u00e9der au site, etc. ; les informations \u00e0 propos de votre visite \u00e0 l\u2019instar des actions et sch\u00e9mas de navigation, par exemple le site Web sur lequel vous avez cliqu\u00e9 pour arriver sur le n\u00f4tre, la dur\u00e9e de vos visites sur des pages. <\/p>\n<p>Nous recueillons ces donn\u00e9es personnelles \u00e0 l\u2019aide de cookies et d\u2019autres technologies similaires. Nous pouvons \u00e9galement recevoir des donn\u00e9es techniques vous concernant si vous consultez d\u2019autres sites Web utilisant nos cookies. Nous utilisons des cookies afin de vous offrir la meilleure exp\u00e9rience qui soit lorsque vous naviguez sur notre site et ces cookies nous permettent \u00e9galement de l\u2019am\u00e9liorer.  <\/p>\n<p>Notre site Web utilise des cookies pour vous distinguer d\u2019autres utilisateurs de notre site Web. Cela nous permet de vous offrir la meilleure exp\u00e9rience possible lorsque vous naviguez sur notre site et nous permet \u00e9galement de l\u2019am\u00e9liorer <\/p>\n<p>Informations provenant d\u2019autres sources. Nous pouvons recevoir vos donn\u00e9es personnelles provenant de tiers et d\u2019autres sources publiques comme cela est d\u00e9fini ci-apr\u00e8s : <\/p>\n<p>\u2022 Les donn\u00e9es techniques provenant des fournisseurs analytiques (les moteurs de recherche \u00e9tablis en dehors de l\u2019UE, par exemple Google).<\/p>\n<p>\u2022 Les coordonn\u00e9es, les donn\u00e9es financi\u00e8res et de transaction provenant des prestataires de services techniques, de paiement et de livraison.<\/p>\n<p>\u2022 Les donn\u00e9es d\u2019identit\u00e9 et les coordonn\u00e9es provenant des partenaires commerciaux, des courtiers en information ou des agr\u00e9gateurs s\u00e9lectionn\u00e9s.<\/p>\n<h4>UTILISATION DES DONN\u00c9ES PERSONNELLES<\/h4>\n<p>Nous n\u2019utilisons vos donn\u00e9es personnelles que si la loi nous y autorise. G\u00e9n\u00e9ralement, nous utilisons vos donn\u00e9es personnelles dans les circonstances suivantes : <\/p>\n<p>\u2022 Lorsque nous devons ex\u00e9cuter le contrat que nous sommes sur le point de conclure ou avons conclu avec vous, et afin de vous fournir les informations, les produits et les services que vous sollicitez aupr\u00e8s de nous.<\/p>\n<p>\u2022 Pour vous fournir les informations concernant d\u2019autres biens ou services que nous offrons qui sont similaires \u00e0 ceux que vous avez d\u00e9j\u00e0 achet\u00e9s ou consult\u00e9s.<\/p>\n<p>\u2022 Lorsque nous ou un tiers avons un int\u00e9r\u00eat l\u00e9gitime et que vos int\u00e9r\u00eats et droits fondamentaux n\u2019ont pas pr\u00e9s\u00e9ance sur lesdits int\u00e9r\u00eats.<\/p>\n<p>\u2022 Pour satisfaire \u00e0 une obligation l\u00e9gale ou r\u00e9glementaire, notamment l\u2019\u00e9change d\u2019informations avec d\u2019autres entreprises et organisations \u00e0 des fins de protection contre la fraude.<\/p>\n<p>\u2022 Pour g\u00e9rer, exploiter ou am\u00e9liorer notre site et veiller \u00e0 ce qu\u2019il soit pr\u00e9sent\u00e9 de la fa\u00e7on la plus efficace qui soit ; dans le cadre de nos efforts visant \u00e0 assurer la s\u00e9curit\u00e9 et la s\u00fbret\u00e9 de notre site ; pour vous faire des suggestions et des recommandations, ainsi qu\u2019\u00e0 d\u2019autres utilisateurs de notre site, \u00e0 propos de produits ou de services susceptibles de vous ou de les int\u00e9resser.<\/p>\n<p>Si vous d\u00e9clinez la notification de messages commerciaux, cet aspect ne s\u2019appliquera pas aux donn\u00e9es personnelles qui nous ont \u00e9t\u00e9 transmises en raison de l\u2019achat d\u2019un produit\/service, de l\u2019enregistrement de garantie, des ant\u00e9c\u00e9dents ou d\u2019autres transactions en rapport avec le produit ou le service.<\/p>\n<p>Politique de confidentialit\u00e9 \u2013 derni\u00e8re mise \u00e0 jour 1 octobre 2021<br \/>Editeur : Si Exquis S\u00e0rl, c\/o Fiduciaire Forgest S\u00e0rl, Rue du Puits-Godet 8A, CH-2000 Neuch\u00e2tel<\/p>\n\t\t\t\t\t\t\t\t<\/div>\n\t\t\t\t<\/div>\n\t\t\t\t<\/div>\n\t\t\t\t<\/div>\n\t\t","protected":false},"excerpt":{"rendered":"<p>POLITIQUE DE CONFIDENTIALIT\u00c9 Si Exquis S\u00e0rl s\u2019engage \u00e0 prot\u00e9ger et \u00e0 respecter votre vie priv\u00e9e. La pr\u00e9sente politique de confidentialit\u00e9 (ainsi que nos Conditions g\u00e9n\u00e9rales) d\u00e9finit la mani\u00e8re dont toutes les donn\u00e9es personnelles que nous recueillons, ou que vous nous transmettez, seront utilis\u00e9es et vous informe de vos droits en mati\u00e8re de confidentialit\u00e9 et de [&hellip;]<\/p>\n","protected":false},"author":1,"featured_media":0,"parent":0,"menu_order":0,"comment_status":"closed","ping_status":"closed","template":"elementor_header_footer","meta":{"_mo_disable_npp":"","_glsr_average":0,"_glsr_ranking":0,"_glsr_reviews":0,"footnotes":""},"class_list":["post-35801","page","type-page","status-publish","hentry"],"yoast_head":"<!-- This site is optimized with the Yoast SEO plugin v24.7 - https:\/\/yoast.com\/wordpress\/plugins\/seo\/ -->\n<title>Politique de confidentialit\u00e9 - Si Exquis<\/title>\n<meta name=\"robots\" content=\"noindex, follow\" \/>\n<meta property=\"og:locale\" content=\"en_US\" \/>\n<meta property=\"og:type\" content=\"article\" \/>\n<meta property=\"og:title\" content=\"Politique de confidentialit\u00e9 - Si Exquis\" \/>\n<meta property=\"og:description\" content=\"POLITIQUE DE CONFIDENTIALIT\u00c9 Si Exquis S\u00e0rl s\u2019engage \u00e0 prot\u00e9ger et \u00e0 respecter votre vie priv\u00e9e. La pr\u00e9sente politique de confidentialit\u00e9 (ainsi que nos Conditions g\u00e9n\u00e9rales) d\u00e9finit la mani\u00e8re dont toutes les donn\u00e9es personnelles que nous recueillons, ou que vous nous transmettez, seront utilis\u00e9es et vous informe de vos droits en mati\u00e8re de confidentialit\u00e9 et de [&hellip;]\" \/>\n<meta property=\"og:url\" content=\"https:\/\/dev.siexquis.com\/en\/politique-de-confidentialite\/\" \/>\n<meta property=\"og:site_name\" content=\"Si Exquis\" \/>\n<meta property=\"article:publisher\" content=\"https:\/\/www.facebook.com\/siexquis\" \/>\n<meta property=\"article:modified_time\" content=\"2024-10-06T16:15:59+00:00\" \/>\n<meta name=\"twitter:card\" content=\"summary_large_image\" \/>\n<meta name=\"twitter:label1\" content=\"Est. reading time\" \/>\n\t<meta name=\"twitter:data1\" content=\"9 minutes\" \/>\n<script type=\"application\/ld+json\" class=\"yoast-schema-graph\">{\"@context\":\"https:\/\/schema.org\",\"@graph\":[{\"@type\":\"WebPage\",\"@id\":\"https:\/\/dev.siexquis.com\/en\/politique-de-confidentialite\/\",\"url\":\"https:\/\/dev.siexquis.com\/en\/politique-de-confidentialite\/\",\"name\":\"Politique de confidentialit\u00e9 - Si Exquis\",\"isPartOf\":{\"@id\":\"https:\/\/dev.siexquis.com\/#website\"},\"datePublished\":\"2024-04-02T07:28:33+00:00\",\"dateModified\":\"2024-10-06T16:15:59+00:00\",\"breadcrumb\":{\"@id\":\"https:\/\/dev.siexquis.com\/en\/politique-de-confidentialite\/#breadcrumb\"},\"inLanguage\":\"en-US\",\"potentialAction\":[{\"@type\":\"ReadAction\",\"target\":[\"https:\/\/dev.siexquis.com\/en\/politique-de-confidentialite\/\"]}]},{\"@type\":\"BreadcrumbList\",\"@id\":\"https:\/\/dev.siexquis.com\/en\/politique-de-confidentialite\/#breadcrumb\",\"itemListElement\":[{\"@type\":\"ListItem\",\"position\":1,\"name\":\"Accueil\",\"item\":\"https:\/\/dev.siexquis.com\/en\/\"},{\"@type\":\"ListItem\",\"position\":2,\"name\":\"Politique de confidentialit\u00e9\"}]},{\"@type\":\"WebSite\",\"@id\":\"https:\/\/dev.siexquis.com\/#website\",\"url\":\"https:\/\/dev.siexquis.com\/\",\"name\":\"Si Exquis\",\"description\":\"Skincare essentially formulated with precious organic ingredients\",\"publisher\":{\"@id\":\"https:\/\/dev.siexquis.com\/#organization\"},\"potentialAction\":[{\"@type\":\"SearchAction\",\"target\":{\"@type\":\"EntryPoint\",\"urlTemplate\":\"https:\/\/dev.siexquis.com\/?s={search_term_string}\"},\"query-input\":{\"@type\":\"PropertyValueSpecification\",\"valueRequired\":true,\"valueName\":\"search_term_string\"}}],\"inLanguage\":\"en-US\"},{\"@type\":\"Organization\",\"@id\":\"https:\/\/dev.siexquis.com\/#organization\",\"name\":\"Si Exquis\",\"url\":\"https:\/\/dev.siexquis.com\/\",\"logo\":{\"@type\":\"ImageObject\",\"inLanguage\":\"en-US\",\"@id\":\"https:\/\/dev.siexquis.com\/#\/schema\/logo\/image\/\",\"url\":\"https:\/\/i0.wp.com\/dev.siexquis.com\/wp-content\/uploads\/2024\/03\/Logo_SiExquis_v2.png?fit=425%2C331&ssl=1\",\"contentUrl\":\"https:\/\/i0.wp.com\/dev.siexquis.com\/wp-content\/uploads\/2024\/03\/Logo_SiExquis_v2.png?fit=425%2C331&ssl=1\",\"width\":425,\"height\":331,\"caption\":\"Si Exquis\"},\"image\":{\"@id\":\"https:\/\/dev.siexquis.com\/#\/schema\/logo\/image\/\"},\"sameAs\":[\"https:\/\/www.facebook.com\/siexquis\",\"https:\/\/www.instagram.com\/siexquis\/\",\"https:\/\/www.tiktok.com\/@siexquis\",\"https:\/\/ch.pinterest.com\/siexquis\/\"]}]}<\/script>\n<!-- \/ Yoast SEO plugin. -->","yoast_head_json":{"title":"Politique de confidentialit\u00e9 - Si Exquis","robots":{"index":"noindex","follow":"follow"},"og_locale":"en_US","og_type":"article","og_title":"Politique de confidentialit\u00e9 - Si Exquis","og_description":"POLITIQUE DE CONFIDENTIALIT\u00c9 Si Exquis S\u00e0rl s\u2019engage \u00e0 prot\u00e9ger et \u00e0 respecter votre vie priv\u00e9e. La pr\u00e9sente politique de confidentialit\u00e9 (ainsi que nos Conditions g\u00e9n\u00e9rales) d\u00e9finit la mani\u00e8re dont toutes les donn\u00e9es personnelles que nous recueillons, ou que vous nous transmettez, seront utilis\u00e9es et vous informe de vos droits en mati\u00e8re de confidentialit\u00e9 et de [&hellip;]","og_url":"https:\/\/dev.siexquis.com\/en\/politique-de-confidentialite\/","og_site_name":"Si Exquis","article_publisher":"https:\/\/www.facebook.com\/siexquis","article_modified_time":"2024-10-06T16:15:59+00:00","twitter_card":"summary_large_image","twitter_misc":{"Est. reading time":"9 minutes"},"schema":{"@context":"https:\/\/schema.org","@graph":[{"@type":"WebPage","@id":"https:\/\/dev.siexquis.com\/en\/politique-de-confidentialite\/","url":"https:\/\/dev.siexquis.com\/en\/politique-de-confidentialite\/","name":"Politique de confidentialit\u00e9 - Si Exquis","isPartOf":{"@id":"https:\/\/dev.siexquis.com\/#website"},"datePublished":"2024-04-02T07:28:33+00:00","dateModified":"2024-10-06T16:15:59+00:00","breadcrumb":{"@id":"https:\/\/dev.siexquis.com\/en\/politique-de-confidentialite\/#breadcrumb"},"inLanguage":"en-US","potentialAction":[{"@type":"ReadAction","target":["https:\/\/dev.siexquis.com\/en\/politique-de-confidentialite\/"]}]},{"@type":"BreadcrumbList","@id":"https:\/\/dev.siexquis.com\/en\/politique-de-confidentialite\/#breadcrumb","itemListElement":[{"@type":"ListItem","position":1,"name":"Accueil","item":"https:\/\/dev.siexquis.com\/en\/"},{"@type":"ListItem","position":2,"name":"Politique de confidentialit\u00e9"}]},{"@type":"WebSite","@id":"https:\/\/dev.siexquis.com\/#website","url":"https:\/\/dev.siexquis.com\/","name":"Si Exquis","description":"Skincare essentially formulated with precious organic ingredients","publisher":{"@id":"https:\/\/dev.siexquis.com\/#organization"},"potentialAction":[{"@type":"SearchAction","target":{"@type":"EntryPoint","urlTemplate":"https:\/\/dev.siexquis.com\/?s={search_term_string}"},"query-input":{"@type":"PropertyValueSpecification","valueRequired":true,"valueName":"search_term_string"}}],"inLanguage":"en-US"},{"@type":"Organization","@id":"https:\/\/dev.siexquis.com\/#organization","name":"Si Exquis","url":"https:\/\/dev.siexquis.com\/","logo":{"@type":"ImageObject","inLanguage":"en-US","@id":"https:\/\/dev.siexquis.com\/#\/schema\/logo\/image\/","url":"https:\/\/i0.wp.com\/dev.siexquis.com\/wp-content\/uploads\/2024\/03\/Logo_SiExquis_v2.png?fit=425%2C331&ssl=1","contentUrl":"https:\/\/i0.wp.com\/dev.siexquis.com\/wp-content\/uploads\/2024\/03\/Logo_SiExquis_v2.png?fit=425%2C331&ssl=1","width":425,"height":331,"caption":"Si Exquis"},"image":{"@id":"https:\/\/dev.siexquis.com\/#\/schema\/logo\/image\/"},"sameAs":["https:\/\/www.facebook.com\/siexquis","https:\/\/www.instagram.com\/siexquis\/","https:\/\/www.tiktok.com\/@siexquis","https:\/\/ch.pinterest.com\/siexquis\/"]}]}},"jetpack_sharing_enabled":true,"_links":{"self":[{"href":"https:\/\/dev.siexquis.com\/en\/wp-json\/wp\/v2\/pages\/35801","targetHints":{"allow":["GET"]}}],"collection":[{"href":"https:\/\/dev.siexquis.com\/en\/wp-json\/wp\/v2\/pages"}],"about":[{"href":"https:\/\/dev.siexquis.com\/en\/wp-json\/wp\/v2\/types\/page"}],"author":[{"embeddable":true,"href":"https:\/\/dev.siexquis.com\/en\/wp-json\/wp\/v2\/users\/1"}],"replies":[{"embeddable":true,"href":"https:\/\/dev.siexquis.com\/en\/wp-json\/wp\/v2\/comments?post=35801"}],"version-history":[{"count":1,"href":"https:\/\/dev.siexquis.com\/en\/wp-json\/wp\/v2\/pages\/35801\/revisions"}],"predecessor-version":[{"id":35802,"href":"https:\/\/dev.siexquis.com\/en\/wp-json\/wp\/v2\/pages\/35801\/revisions\/35802"}],"wp:attachment":[{"href":"https:\/\/dev.siexquis.com\/en\/wp-json\/wp\/v2\/media?parent=35801"}],"curies":[{"name":"wp","href":"https:\/\/api.w.org\/{rel}","templated":true}]}}